{"id":745,"date":"2019-02-27T11:04:07","date_gmt":"2019-02-27T10:04:07","guid":{"rendered":"http:\/\/dev.meyco.eu\/meyco\/?page_id=745"},"modified":"2020-10-20T12:09:13","modified_gmt":"2020-10-20T10:09:13","slug":"bilddaten","status":"publish","type":"page","link":"https:\/\/www.meyco.eu\/home\/bilddaten\/","title":{"rendered":"Bilddaten"},"content":{"rendered":"\n<h2 class=\"wp-block-heading\">Produktbilder<\/h2>\n\n\n<p><strong>Sie brauchen Bilder unserer Produkte f\u00fcr Ihren Katalog in hoher Aufl\u00f6sung?<\/strong><\/p>\n<p>Unseren Kunden stellen wir gerne eine&nbsp;DVD mit den Produktbildern unseres aktuellen Kataloges inklusive aller Neuheiten im JPG-Format zur Verf\u00fcgung. Fragen Sie hierf\u00fcr bitte den f\u00fcr Sie zust\u00e4ndigen Au\u00dfendienstmitarbeiter oder melden Sie sich direkt bei uns. Einzelne Bilder schicken wir Ihnen auch gerne per E-Mail zu. Halten Sie hierf\u00fcr bitte Ihre Kundennummer bereit.<\/p>\n<p><strong>Brauchen Sie die Bilder lediglich in geringerer Aufl\u00f6sung?<\/strong><\/p>\n<p>Sie k\u00f6nnen sich alle Produktbilder alternativ wie folgt downloaden:<\/p>\n<p>http:\/\/shop.meyco.eu\/main\/images\/XXXXX.jpg&nbsp;<\/p>\n<p>Ersetzen Sie einfach XXXXX durch die Artikelnummer.<\/p>\n<p>Beispiel:<\/p>\n<p>Sie ben\u00f6tigen ein Bild von Artikel-Nr.: 956-11 Chenillekordel? Dann sieht der Link zum Bild wie folgt aus:<\/p>\n<p>http:\/\/shop.meyco.eu\/main\/images\/956-11.jpg<\/p>\n<p>Alternativ k\u00f6nnen Sie sich nat\u00fcrlich auch die Bilder \u00fcber den Onlineshop shop.meyco.eu herunterladen. Einfach Produkt ausw\u00e4hlen, Bild vergr\u00f6\u00dfern und dann mit dem rechten Mausklick downloaden.<\/p>\n<p>F\u00fcr die Nutzung der Bilddaten senden Sie uns bitte folgende Vereinbarung unterschrieben zur\u00fcck:<\/p>\n\n\n<div class=\"wp-block-file\"><a href=\"https:\/\/www.meyco.eu\/home\/wp-content\/uploads\/2019\/02\/MEYCO-Bildnutzung_2019-1.pdf\">MEYCO-Bildnutzung_2019<\/a><a href=\"https:\/\/www.meyco.eu\/home\/wp-content\/uploads\/2019\/02\/MEYCO-Bildnutzung_2019-1.pdf\" class=\"wp-block-file__button\" download>Herunterladen<\/a><\/div>\n\n\n\n<p><br><\/p>\n","protected":false},"excerpt":{"rendered":"<p>Produktbilder Sie brauchen Bilder unserer Produkte f\u00fcr Ihren Katalog in hoher Aufl\u00f6sung? Unseren Kunden stellen wir gerne eine&nbsp;DVD mit den Produktbildern unseres aktuellen Kataloges inklusive aller Neuheiten im JPG-Format zur Verf\u00fcgung. Fragen Sie hierf\u00fcr bitte den f\u00fcr Sie zust\u00e4ndigen Au\u00dfendienstmitarbeiter oder melden Sie sich direkt bei uns. Einzelne Bilder schicken wir Ihnen auch gerne per&hellip; <br \/> <a class=\"read-more\" href=\"https:\/\/www.meyco.eu\/home\/bilddaten\/\">Read more<\/a><\/p>\n","protected":false},"author":2,"featured_media":2657,"parent":0,"menu_order":0,"comment_status":"closed","ping_status":"closed","template":"","meta":{"footnotes":""},"class_list":["post-745","page","type-page","status-publish","has-post-thumbnail","hentry"],"_links":{"self":[{"href":"https:\/\/www.meyco.eu\/home\/wp-json\/wp\/v2\/pages\/745","targetHints":{"allow":["GET"]}}],"collection":[{"href":"https:\/\/www.meyco.eu\/home\/wp-json\/wp\/v2\/pages"}],"about":[{"href":"https:\/\/www.meyco.eu\/home\/wp-json\/wp\/v2\/types\/page"}],"author":[{"embeddable":true,"href":"https:\/\/www.meyco.eu\/home\/wp-json\/wp\/v2\/users\/2"}],"replies":[{"embeddable":true,"href":"https:\/\/www.meyco.eu\/home\/wp-json\/wp\/v2\/comments?post=745"}],"version-history":[{"count":4,"href":"https:\/\/www.meyco.eu\/home\/wp-json\/wp\/v2\/pages\/745\/revisions"}],"predecessor-version":[{"id":1779,"href":"https:\/\/www.meyco.eu\/home\/wp-json\/wp\/v2\/pages\/745\/revisions\/1779"}],"wp:featuredmedia":[{"embeddable":true,"href":"https:\/\/www.meyco.eu\/home\/wp-json\/wp\/v2\/media\/2657"}],"wp:attachment":[{"href":"https:\/\/www.meyco.eu\/home\/wp-json\/wp\/v2\/media?parent=745"}],"curies":[{"name":"wp","href":"https:\/\/api.w.org\/{rel}","templated":true}]}}