{"id":638,"date":"2019-02-26T10:56:53","date_gmt":"2019-02-26T09:56:53","guid":{"rendered":"http:\/\/dev.meyco.eu\/meyco\/?page_id=638"},"modified":"2020-10-20T12:18:18","modified_gmt":"2020-10-20T10:18:18","slug":"finland","status":"publish","type":"page","link":"https:\/\/www.meyco.eu\/home\/finland\/","title":{"rendered":"Finland \/ Suomi"},"content":{"rendered":"<div  data-label=\"Features\" data-id=\"features--1\" data-export-id=\"features-13-card-bordered\" data-category=\"features\" class=\"features-13 content-section content-section-spacing\" id=\"features-1\" style=\"background-color: rgb(255, 255, 255); background-image: none;\"><div  class=\"gridContainer\"> <div  class=\"row text-center\"><div  class=\"section-title-col\" data-type=\"column\"> <h2  class=\"\">Contact Finland \/ Suomi<\/h2> <\/div> <\/div> <div  class=\"row spaced-cols content-center-sm center-sm\" data-type=\"row\"> <div  class=\"col-sm-4\"> <div  class=\"card bordered y-move\" data-type=\"column\">  <img decoding=\"async\"  class=\"custom-image\" src=\"https:\/\/www.meyco.eu\/home\/wp-content\/uploads\/2019\/04\/cropped-exclusive-distributor_web-4.jpg\" alt=\"\" title=\"cropped-exclusive-distributor_web-4.jpg\"><h4  class=\"\">Exclusive Distribution Partner<\/h4> <p  class=\"\">HANART OY<br >\r\nMinkkikatu 1-3<br >\r\n04430 J\u00e4rvenp\u00e4\u00e4<br >\r\nFINNLAND\r\n<br ><br >\r\nContact: Jari Handolin<br >\r\nPhone: 010 8414 500<br >\r\nFAX: 010 8414 501<br >\r\nE-Mail: info@hanart.fi<br >\r\nWebsite: www.hanart.fi<\/p> <a class=\"button color9 round\" href=\"http:\/\/www.hanart.fi\" target=\"_blank\" data-cp-link=\"1\" data-icon=\"\" rel=\"noopener noreferrer\">to partner webside<\/a><\/div> <\/div>  <\/div> <\/div><\/div>","protected":false},"excerpt":{"rendered":"<p>Contact Finland \/ Suomi Exclusive Distribution Partner HANART OY Minkkikatu 1-3 04430 J\u00e4rvenp\u00e4\u00e4 FINNLAND Contact: Jari Handolin Phone: 010 8414 500 FAX: 010 8414 501 E-Mail: info@hanart.fi Website: www.hanart.fi to partner webside<\/p>\n","protected":false},"author":2,"featured_media":2657,"parent":0,"menu_order":0,"comment_status":"closed","ping_status":"closed","template":"pro\/page-templates\/full-width-page.php","meta":{"footnotes":""},"class_list":["post-638","page","type-page","status-publish","has-post-thumbnail","hentry"],"_links":{"self":[{"href":"https:\/\/www.meyco.eu\/home\/wp-json\/wp\/v2\/pages\/638","targetHints":{"allow":["GET"]}}],"collection":[{"href":"https:\/\/www.meyco.eu\/home\/wp-json\/wp\/v2\/pages"}],"about":[{"href":"https:\/\/www.meyco.eu\/home\/wp-json\/wp\/v2\/types\/page"}],"author":[{"embeddable":true,"href":"https:\/\/www.meyco.eu\/home\/wp-json\/wp\/v2\/users\/2"}],"replies":[{"embeddable":true,"href":"https:\/\/www.meyco.eu\/home\/wp-json\/wp\/v2\/comments?post=638"}],"version-history":[{"count":13,"href":"https:\/\/www.meyco.eu\/home\/wp-json\/wp\/v2\/pages\/638\/revisions"}],"predecessor-version":[{"id":2661,"href":"https:\/\/www.meyco.eu\/home\/wp-json\/wp\/v2\/pages\/638\/revisions\/2661"}],"wp:featuredmedia":[{"embeddable":true,"href":"https:\/\/www.meyco.eu\/home\/wp-json\/wp\/v2\/media\/2657"}],"wp:attachment":[{"href":"https:\/\/www.meyco.eu\/home\/wp-json\/wp\/v2\/media?parent=638"}],"curies":[{"name":"wp","href":"https:\/\/api.w.org\/{rel}","templated":true}]}}