{"id":3843,"date":"2021-10-22T18:12:41","date_gmt":"2021-10-22T16:12:41","guid":{"rendered":"https:\/\/www.meyco.eu\/?page_id=3843"},"modified":"2025-05-14T15:20:01","modified_gmt":"2025-05-14T13:20:01","slug":"suche","status":"publish","type":"page","link":"https:\/\/www.meyco.eu\/home\/suche\/","title":{"rendered":"H\u00e4ndlersuche"},"content":{"rendered":"<div  data-label=\"Cta\" data-id=\"cta--1\" data-export-id=\"cta-centered-section-grid\" data-category=\"cta\" class=\"cta-centered-section-grid content-section content-section-spacing-medium bg-color1 dark-text\" id=\"cta-1\" style=\"background-image: none; background-color: rgb(255, 255, 255);\"><div  class=\"gridContainer\"> <div  class=\"row text-center\"><div  class=\"col-xs-12 col-sm-10 col-sm-offset-1 col-md-8 col-md-offset-2\" data-type=\"column\"> <h2  class=\"\">Fachh\u00e4ndlersuche<\/h2> <p  class=\"\">Geben Sie einfach ihren Standort ein. \n<br >Oder dr\u00fccken Sie auf den wei\u00dfen Pfeil (links neben \u201eMein Standort\u201c) f\u00fcr ihre aktuelle Position.\n<br >Versandh\u00e4ndler finden Sie unterhalb der Suche.<\/p> <div  data-editable=\"true\" data-name=\"ope-custom-content-shortcode\" data-content-shortcode=\"ASL_STORELOCATOR radius=&quot;30&quot;\" class=\"\"><style type=\"text\/css\">\n   #asl-storelocator.asl-cont.asl-template-4 .asl-wrapper .asl-top-area  > .pol-lg-12 .Filter_section .search_btn_box .sl-search-btn {margin-bottom: 1.5rem;}\n   .asl-cont .sl-direction,.asl-cont .s-direction, .asl-buttons .directions {display: none !important;}<\/style>\n<section id=\"asl-storelocator\" class=\"asl-cont asl-template-4 asl-layout-0 asl-bg-0 map-full full-height asl-text-1\">\n        <div class=\"asl-overlay\" id=\"map-loading\">\n        <div class=\"white\"><\/div>\n        <div class=\"sl-loading\">\n          <i class=\"animate-sl-spin icon-spin3\"><\/i>\n          Laden...        <\/div>\n    <\/div>\n     <div class=\"asl-wrapper\">\n         <div class=\"sl-container\">\n            <div class=\"sl-row asl-top-area\">\n               <div class=\"pol-md-6 pol-lg-6\">\n                  <div class=\"Filter_section\">\n                    <div class=\"search_filter\">\n                       <label for=\"auto-complete-search\" class=\"asl-filter-top-title\">Finde den n\u00e4chsten Fachh\u00e4ndler ...<\/label>\n                       <div class=\"sl-search-group\">\n                          <input type=\"text\" value=\"\" data-submit=\"disable\" id=\"auto-complete-search\" placeholder=\"Mein Standort\"  class=\"asl-search-address isp_ignore\">\n                          <button aria-label=\"Aktuelle Position\" title=\"Aktuelle Position\" type=\"button\" class=\"span-geo\"><i class=\"asl-geo icon-direction-outline\" title=\"Current Location\"><\/i><\/button>\n                       <\/div>\n                    <\/div>\n                    <div class=\"asl-advance-filters hide\">\n                       <div class=\"sl-row\">\n                                                                              <div class=\"pol-md-6 pol-sm-12  asl-ddl-filters asl-ddl-filter-cats\">\n                             <div class=\"asl-filter-cntrl\">\n                                <label class=\"asl-cntrl-lbl\" for=\"asl-categories\">Kategorie<\/label>\n                                <div class=\"sl-dropdown-cont\" id=\"categories_filter\">\n                                <\/div>\n                             <\/div>\n                          <\/div>\n                                                                                                         <div class=\"pol-lg-6 pol-md-12 pol-sm-6 col-12 range_filter hide asl-ddl-filters\">\n                             <div class=\"asl-filter-cntrl rangeFilter\">\n                                <label class=\"asl-cntrl-lbl\">Umgebung<\/label>\n                                <input id=\"asl-radius-slide\" type=\"text\" class=\"span2\" \/>\n                                <span class=\"rad-unit\">Radius: <span id=\"asl-radius-input\"><\/span> <span id=\"asl-dist-unit\">Km<\/span><\/span>\n                             <\/div>\n                          <\/div>\n                          <div class=\"pol-lg-6 pol-md-12 pol-sm-6 col-12 Status_filter\">\n                             <div class=\"asl-filter-cntrl\">\n                                <label class=\"asl-cntrl-lbl\">Laden ge\u00f6ffnet<\/label>\n                                <div class=\"onoffswitch\">\n                                   <input type=\"checkbox\" name=\"onoffswitch\" class=\"onoffswitch-checkbox\" id=\"asl-open-close\" checked>\n                                   <label aria-label=\"Ge\u00f6ffnete L\u00e4den\" title=\"Ge\u00f6ffnete L\u00e4den\" class=\"onoffswitch-label\" for=\"asl-open-close\">\n                                     <span class=\"onoffswitch-inner\"><\/span>\n                                     <span class=\"onoffswitch-switch\"><\/span>\n                                   <\/label>\n                                <\/div>\n                             <\/div>\n                          <\/div>\n                          \n                       <\/div>\n                    <\/div>\n                    <div class=\"d-md-flex search_btn_box mb-3 mb-md-0\">\n                        <button type=\"button\" title=\"Mein Standort\" class=\"icon-search sl-search-btn\">Suche<\/button>\n                        <button type=\"button\" title=\"Reset Karte\" class=\"ml-0 ml-md-2 asl-reset-btn\">Reset Karte<\/button>\n                    <\/div>\n                  <\/div>\n               <\/div>\n               <div class=\"pol-md-6 pol-lg-6\">\n                  <div class=\"asl-map\">\n                    <div class=\"map-image\">\n                       <div id=\"asl-map-canv\" class=\"asl-map-canv\"><\/div>\n                        <div id=\"agile-modal-direction\" class=\"agile-modal fade\">\n    <div class=\"agile-modal-backdrop-in\"><\/div>\n    <div class=\"agile-modal-dialog in\">\n        <div class=\"agile-modal-content\">\n            <div class=\"sl-form-group d-flex justify-content-between\">\n                <h4 >Route planen<\/h4>\n                <button type=\"button\" class=\"close-directions sl-close\" data-dismiss=\"agile-modal\" aria-label=\"Close\">&times;<\/button>\n            <\/div>\n            <div class=\"sl-form-group\">\n                <label for=\"frm-lbl\">Von:<\/label>\n                <input type=\"text\" class=\"form-control frm-place\" id=\"frm-lbl\" placeholder=\"Adresse eingeben\">\n            <\/div>\n            <div class=\"sl-form-group\">\n                <label for=\"to-lbl\">Nach:<\/label>\n                <input readonly=\"true\" type=\"text\"  class=\"directions-to form-control\" id=\"to-lbl\" placeholder=\"Prepopulated Destination Address\">\n            <\/div>\n            <div class=\"sl-form-group mb-0\">\n                <label for=\"rbtn-km\" class=\"checkbox-inline\">\n                    <input type=\"radio\" name=\"dist-type\"  id=\"rbtn-km\" value=\"0\"> Km                <\/label>\n                <label for=\"rbtn-mile\" class=\"checkbox-inline\">\n                    <input type=\"radio\" name=\"dist-type\" checked id=\"rbtn-mile\" value=\"1\"> Meilen                <\/label>\n            <\/div>\n            <div class=\"sl-form-group mb-0\">\n                <button type=\"submit\" class=\"btn btn-default btn-submit\">Route planen<\/button>\n            <\/div>\n        <\/div>\n    <\/div>\n<\/div>\n\n<div id=\"asl-geolocation-agile-modal\" class=\"agile-modal fade\">\n  <div class=\"agile-modal-backdrop-in\"><\/div>\n  <div class=\"agile-modal-dialog in\">\n    <div class=\"agile-modal-content\">\n            <div class=\"sl-form-group d-flex justify-content-between\">\n        <h5>Aktuelle Position verwenden um die n\u00e4chste Verkaufsstelle anzuzeigen<\/h5>\n        <button type=\"button\" class=\"close-directions sl-close\" data-dismiss=\"agile-modal\" aria-label=\"Close\">&times;<\/button>\n      <\/div>\n      <div class=\"sl-form-group text-center mb-0\">\n        <button type=\"button\" id=\"asl-btn-geolocation\" class=\"btn btn-block btn-default\">Position verwenden<\/button>\n      <\/div>\n          <\/div>\n  <\/div>\n<\/div>\n\n<div id=\"asl-desc-agile-modal\" class=\"agile-modal fade\">\n  <div class=\"agile-modal-backdrop-in\"><\/div>\n  <div class=\"agile-modal-dialog in\">\n    <div class=\"agile-modal-content\">\n      <div class=\"sl-row\">\n        <div class=\"pol-md-12\">\n          <div class=\"sl-form-group d-flex justify-content-between\">\n            <h4 class=\"sl-title\">Description<\/h4>\n            <button type=\"button\" class=\"close-directions sl-close\" data-dismiss=\"agile-modal\" aria-label=\"Close\">&times;<\/button>\n          <\/div>\n          <div class=\"sl-desc\"><\/div>\n        <\/div>\n      <\/div>\n    <\/div>\n  <\/div>\n<\/div>                    <\/div>\n                  <\/div>\n               <\/div>\n            <\/div>\n            <div class=\"sl-row\">\n               <div class=\"pol-12\">\n                  <div class=\"sl-main-cont\">\n                     <div id=\"asl-panel\" class=\"sl-main-row\">\n                        <div id=\"asl-list\" class=\"asl-panel\">\n                           <div class=\"asl-panel-inner\">\n                                <div class=\"Num_of_store pb-3\">\n                                  <span class=\"count-result-text\">Anzahl der L\u00e4den: <span class=\"count-result\">0<\/span><\/span>\n                                                                      <a class=\"asl-print-btn\" aria-label=\"DRUCKEN\"><span>DRUCKEN<\/span><span class=\"asl-print\"><\/span><\/a>\n                                                                  <\/div>\n                              <div class=\"sl-main-cont-box\">\n                                 <div class=\"sl-list-wrapper\">\n                                    <ul id=\"p-statelist\" class=\"sl-list sl-row panel-inner\">\n                                    <\/ul>\n                                 <\/div>\n                              <\/div>\n                           <\/div>\n                           <div class=\"directions-cont hide\">\n                              <div class=\"agile-modal-header\">\n                                 <button type=\"button\" class=\"close\"><span aria-hidden=\"true\">\u00d7<\/span><\/button>\n                                 <h4>Richtung speichern<\/h4>\n                              <\/div>\n                              <div class=\"rendered-directions\" id=\"asl-rendered-dir\" style=\"direction: ltr;\"><\/div>\n                           <\/div>\n                        <\/div>\n                     <\/div>\n                  <\/div>\n               <\/div>\n            <\/div>\n         <\/div>\n      <\/div>\n<\/section>\n<!-- This plugin is developed by \"Agile Store Locator for WordPress\" https:\/\/agilestorelocator.com --><\/div><\/div> <\/div><\/div> <\/div><div data-label=\"Content\" data-id=\"content--1\" data-export-id=\"content-12\" data-category=\"content\" class=\"content-12 content-section content-section-spacing\" id=\"content-1\"  style=\"background-color: rgb(255, 255, 255); background-image: none;\"><div class=\"gridContainer\" > <div class=\"row text-center\" ><div class=\"section-title-col\" data-type=\"column\" > <h2 class=\"\" >Versandh\u00e4ndler<\/h2> <p class=\"lead\" >Hier finden Sie eine Auswahl an Versandh\u00e4ndlern mit einem umfangreichen MEYCO \/ Bastelsortiment<\/p><p  class=\"lead\">VBS&nbsp; &nbsp;<a href=\"http:\/\/www.vbs-hobby.com\" target=\"_blank\" rel=\"noopener\" data-mce-href=\"http:\/\/www.vbs-hobby.com\"  data-mce-selected=\"inline-boundary\" data-cp-link=\"1\">www.vbs-hobby.com<\/a>\n<br >Irseer Kreis Versand&nbsp;  <a href=\"http:\/\/www.ikv-shop.de\" target=\"_blank\" rel=\"noopener\" data-mce-href=\"http:\/\/www.ikv-shop.de\"  data-mce-selected=\"inline-boundary\" data-cp-link=\"1\">www.ikv-shop.de <\/a>&nbsp;\n<br >Braun Schulbedarf&nbsp;  <a href=\"http:\/\/www.schulbedarf.de\" target=\"_blank\" rel=\"noopener\" data-mce-href=\"http:\/\/www.schulbedarf.de\"  data-mce-selected=\"inline-boundary\" data-cp-link=\"1\">www.schulbedarf.de<\/a><br >Kreativ-Depot&nbsp;  <a href=\"http:\/\/www.kreativ-depot.de\" target=\"_blank\" rel=\"noopener\" data-mce-href=\"http:\/\/www.kreativ-depot.de\"  data-cp-link=\"1\">www.kreativ-depot.de<\/a><\/p><\/div> <\/div> <div class=\"row center-xs middle-xs\" > <div class=\"col-sm-9\" data-type=\"column\" > <\/div> <\/div><\/div> <\/div>","protected":false},"excerpt":{"rendered":"<p>Fachh\u00e4ndlersuche Geben Sie einfach ihren Standort ein. Oder dr\u00fccken Sie auf den wei\u00dfen Pfeil (links neben \u201eMein Standort\u201c) f\u00fcr ihre aktuelle Position. Versandh\u00e4ndler finden Sie unterhalb der Suche. Versandh\u00e4ndler Hier finden Sie eine Auswahl an Versandh\u00e4ndlern mit einem umfangreichen MEYCO \/ BastelsortimentVBS&nbsp; &nbsp;www.vbs-hobby.com Irseer Kreis Versand&nbsp; www.ikv-shop.de &nbsp; Braun Schulbedarf&nbsp; www.schulbedarf.deKreativ-Depot&nbsp; www.kreativ-depot.de<\/p>\n","protected":false},"author":2,"featured_media":0,"parent":0,"menu_order":0,"comment_status":"closed","ping_status":"closed","template":"pro\/page-templates\/page-with-small-header.php","meta":{"footnotes":""},"class_list":["post-3843","page","type-page","status-publish","hentry"],"_links":{"self":[{"href":"https:\/\/www.meyco.eu\/home\/wp-json\/wp\/v2\/pages\/3843","targetHints":{"allow":["GET"]}}],"collection":[{"href":"https:\/\/www.meyco.eu\/home\/wp-json\/wp\/v2\/pages"}],"about":[{"href":"https:\/\/www.meyco.eu\/home\/wp-json\/wp\/v2\/types\/page"}],"author":[{"embeddable":true,"href":"https:\/\/www.meyco.eu\/home\/wp-json\/wp\/v2\/users\/2"}],"replies":[{"embeddable":true,"href":"https:\/\/www.meyco.eu\/home\/wp-json\/wp\/v2\/comments?post=3843"}],"version-history":[{"count":10,"href":"https:\/\/www.meyco.eu\/home\/wp-json\/wp\/v2\/pages\/3843\/revisions"}],"predecessor-version":[{"id":4488,"href":"https:\/\/www.meyco.eu\/home\/wp-json\/wp\/v2\/pages\/3843\/revisions\/4488"}],"wp:attachment":[{"href":"https:\/\/www.meyco.eu\/home\/wp-json\/wp\/v2\/media?parent=3843"}],"curies":[{"name":"wp","href":"https:\/\/api.w.org\/{rel}","templated":true}]}}