{"id":327,"date":"2019-02-08T14:18:25","date_gmt":"2019-02-08T13:18:25","guid":{"rendered":"http:\/\/dev.meyco.eu\/meyco\/?page_id=327"},"modified":"2026-02-27T10:24:20","modified_gmt":"2026-02-27T09:24:20","slug":"katalog","status":"publish","type":"page","link":"https:\/\/www.meyco.eu\/home\/katalog\/","title":{"rendered":"Kataloge &#038; Flyer"},"content":{"rendered":"<div  data-label=\"Portfolio\" data-id=\"portfolio--1\" data-export-id=\"portfolio-6\" data-category=\"portfolio\" class=\"portfolio-6 content-section content-section-spacing\" id=\"portfolio-1\" style=\"background-color: rgb(255, 255, 255); background-image: none;\"><div  class=\"gridContainer\"> <div  class=\"row text-center\"><div  class=\"section-title-col\" data-type=\"column\"> <h2  class=\"\">Kataloge \/ Flyer &amp; Neuheiten<\/h2> <p  class=\"lead\">Hier finden Sie unseren aktuellen Hauptkatalog, Brosch\u00fcren, Flyer und Neuheiten zur Ansicht und zum Download. \n<br >Alle hier abgebildeten Brosch\u00fcren &amp; Flyer sind ohne Preise. Die Preise erfragen Sie bitte bei Ihrem zust\u00e4ndigen Au\u00dfendienstmitarbeiter oder kontaktieren Sie uns. \nWir weisen an dieser Stelle nochmals darauf hin, dass wir nur den Facheinzelhandel beliefern.<\/p><\/div> <\/div> <div  class=\"row space-bottom spaced-cols center-sm\" data-type=\"row\"> <div  class=\"col-xs-12 col-sm-4 text-center col-md-3 \"> <div  class=\"card no-padding \"> <div  data-hover-fx=\"portfolio-5\" class=\"contentswap-effect\"> <div  class=\"initial-image\"> <img  decoding=\"async\" data-size=\"500x333\" src=\"https:\/\/www.meyco.eu\/home\/wp-content\/uploads\/2019\/03\/cropped-Neue-Produkte-new-products.jpg\"><\/div> <div  class=\"overlay bg-color6\"><\/div> <div  class=\"swap-inner col-xs-12\"> <div  class=\"row full-height-row middle-xs middle-sm\"> <div  class=\"col-xs-12 text-center content-holder\"> <a  href=\"https:\/\/www.meyco.eu\/home\/neuheiten\" target=\"_self\" class=\"\" rel=\"noopener noreferrer\"><i  class=\"fa icon portfolio-icon fa-search reverse round big color-white\" aria-hidden=\"true\"><\/i><\/a><\/div> <\/div><\/div> <\/div> <div  class=\"space-bottom space-top col-xs-12\" data-type=\"column\"> <h4  class=\"\">Neuheiten &amp; Aktionen<\/h4> <p  class=\"small italic\">Hier gelangen Sie zu allen Neuheiten und Aktionen seit Erscheinen des Hauptkataloges<\/p><\/div> <\/div><\/div>   <div  class=\"col-xs-12 col-sm-4 text-center col-md-3\"> <div  class=\"card no-padding \"> <div  data-hover-fx=\"portfolio-5\" class=\"contentswap-effect\"> <div  class=\"initial-image\"> <img  decoding=\"async\" data-size=\"500x333\" src=\"https:\/\/www.meyco.eu\/home\/wp-content\/uploads\/2025\/06\/cropped-Cover_JPG_02.jpg\"><\/div> <div  class=\"overlay bg-color6\"><\/div> <div  class=\"swap-inner col-xs-12\"> <div  class=\"row full-height-row middle-xs middle-sm\"> <div  class=\"col-xs-12 text-center content-holder\"> <a  href=\"https:\/\/www.meyco.eu\/katalog\" target=\"_self\" class=\"\" rel=\"noopener noreferrer\"><i  class=\"fa icon portfolio-icon fa-search reverse round big color-white\" aria-hidden=\"true\"><\/i><\/a><\/div> <\/div><\/div> <\/div> <div  class=\"space-bottom space-top col-xs-12\" data-type=\"column\"> <h4  class=\"\">Hauptkatalog 2025<\/h4> <p  class=\"small italic\">G\u00fcltig ab Mai 2025<\/p><\/div> <\/div><\/div><div  class=\"col-xs-12 col-sm-4 text-center col-md-3\"> <div  class=\"card no-padding \"> <div  data-hover-fx=\"portfolio-5\" class=\"contentswap-effect\"> <div  class=\"initial-image\"> <img  decoding=\"async\" data-size=\"500x333\" src=\"https:\/\/www.meyco.eu\/home\/wp-content\/uploads\/2026\/02\/cropped-cropped-cropped-Cover_Ostern_2026.jpg\"><\/div> <div  class=\"overlay bg-color6\"><\/div> <div  class=\"swap-inner col-xs-12\"> <div  class=\"row full-height-row middle-xs middle-sm\"> <div  class=\"col-xs-12 text-center content-holder\"> <a  href=\"https:\/\/www.meyco.eu\/home\/wp-content\/uploads\/meyco-upload\/Ostern 2026_ohne_small.pdf\" target=\"_blank\" class=\"\" rel=\"noopener noreferrer\"><i  class=\"fa icon portfolio-icon fa-search reverse round big color-white\" aria-hidden=\"true\"><\/i><\/a><\/div> <\/div><\/div> <\/div> <div  class=\"space-bottom space-top col-xs-12\" data-type=\"column\"> <h4  class=\"\">Ostern 2026<\/h4> <p  class=\"small italic\">Zusammenstellung unserer\n<br >Oster Saison Artikel<\/p><\/div> <\/div><\/div><\/div> <div  class=\"row\"> <div  data-type=\"column\" class=\"col-xs-12 text-center\"> <a  class=\"button y-move color2\" href=\"#\" target=\"_self\" data-cp-link=\"1\" data-icon=\"\" rel=\"noopener noreferrer\">nach oben<\/a><\/div> <\/div><\/div> <\/div><div  data-label=\"Cta\" data-id=\"cta--1\" data-export-id=\"cta-blue-section\" data-category=\"cta\" class=\"cta-blue-section content-section content-section-spacing-medium bg-color1 white-text content-relative\" id=\"cta-1\" style=\"background-image: none; background-color: rgb(238, 28, 37);\"><div  class=\"gridContainer\"> <div  class=\"row middle-xs\"><div  class=\"col-sm-8 space-bottom-xs\" data-type=\"column\"> <h2  class=\"\"><span  style=\"font-family: Muli, arial, helvetica, sans-serif;\">Sie brauchen Bilder unserer Produkte \n<br >f\u00fcr Ihren Onlineauftritt oder Katalog?<\/span><span  class=\"font-300\"><\/span><\/h2> <\/div> <div  class=\"col-sm-4 end-sm\" data-type=\"column\"> <a  class=\"button big color3 round\" href=\"https:\/\/www.meyco.eu\/home\/bilddaten\" target=\"_self\" data-cp-link=\"1\" data-icon=\"fa-picture-o\" rel=\"noopener noreferrer\"><span  class=\"button-icon fa fa-picture-o\"><\/span>Hier klicken<\/a><\/div> <\/div><\/div> <\/div>","protected":false},"excerpt":{"rendered":"<p>Kataloge \/ Flyer &amp; Neuheiten Hier finden Sie unseren aktuellen Hauptkatalog, Brosch\u00fcren, Flyer und Neuheiten zur Ansicht und zum Download. Alle hier abgebildeten Brosch\u00fcren &amp; Flyer sind ohne Preise. Die Preise erfragen Sie bitte bei Ihrem zust\u00e4ndigen Au\u00dfendienstmitarbeiter oder kontaktieren Sie uns. Wir weisen an dieser Stelle nochmals darauf hin, dass wir nur den Facheinzelhandel&hellip; <br \/> <a class=\"read-more\" href=\"https:\/\/www.meyco.eu\/home\/katalog\/\">Read more<\/a><\/p>\n","protected":false},"author":2,"featured_media":2657,"parent":0,"menu_order":0,"comment_status":"closed","ping_status":"closed","template":"pro\/page-templates\/full-width-page.php","meta":{"footnotes":""},"class_list":["post-327","page","type-page","status-publish","has-post-thumbnail","hentry"],"_links":{"self":[{"href":"https:\/\/www.meyco.eu\/home\/wp-json\/wp\/v2\/pages\/327","targetHints":{"allow":["GET"]}}],"collection":[{"href":"https:\/\/www.meyco.eu\/home\/wp-json\/wp\/v2\/pages"}],"about":[{"href":"https:\/\/www.meyco.eu\/home\/wp-json\/wp\/v2\/types\/page"}],"author":[{"embeddable":true,"href":"https:\/\/www.meyco.eu\/home\/wp-json\/wp\/v2\/users\/2"}],"replies":[{"embeddable":true,"href":"https:\/\/www.meyco.eu\/home\/wp-json\/wp\/v2\/comments?post=327"}],"version-history":[{"count":68,"href":"https:\/\/www.meyco.eu\/home\/wp-json\/wp\/v2\/pages\/327\/revisions"}],"predecessor-version":[{"id":4651,"href":"https:\/\/www.meyco.eu\/home\/wp-json\/wp\/v2\/pages\/327\/revisions\/4651"}],"wp:featuredmedia":[{"embeddable":true,"href":"https:\/\/www.meyco.eu\/home\/wp-json\/wp\/v2\/media\/2657"}],"wp:attachment":[{"href":"https:\/\/www.meyco.eu\/home\/wp-json\/wp\/v2\/media?parent=327"}],"curies":[{"name":"wp","href":"https:\/\/api.w.org\/{rel}","templated":true}]}}