{"id":2342,"date":"2020-10-07T11:35:57","date_gmt":"2020-10-07T09:35:57","guid":{"rendered":"https:\/\/www.meyco.eu\/?page_id=2342"},"modified":"2020-11-04T10:42:53","modified_gmt":"2020-11-04T09:42:53","slug":"froebelstern","status":"publish","type":"page","link":"https:\/\/www.meyco.eu\/home\/froebelstern\/","title":{"rendered":"Fr\u00f6belstern falten"},"content":{"rendered":"\n<figure class=\"wp-block-embed-youtube wp-block-embed is-type-video is-provider-youtube wp-embed-aspect-16-9 wp-has-aspect-ratio\"><div class=\"wp-block-embed__wrapper\">\n<div class='embed-container'><iframe loading=\"lazy\" title=\"Fr\u00f6belstern falten - Anleitung\" width=\"1920\" height=\"1080\" src=\"https:\/\/www.youtube.com\/embed\/-5Da-XnnSxs?feature=oembed\" frameborder=\"0\" allow=\"accelerometer; autoplay; clipboard-write; encrypted-media; gyroscope; picture-in-picture\" allowfullscreen><\/iframe><\/div>\n<\/div><figcaption>Fr\u00f6belstern falten mit MEYCO Stern-Streifen Art.-Nr.: 33710<\/figcaption><\/figure>\n\n\n\n<p>Hier falten wir einen Fr\u00f6belstern aus goldenen MEYCO Stern-Streifen (diese gibt es auch in silber). F\u00fcr einen Fr\u00f6belstern ben\u00f6tigt man vier fertige Sternstreifen und eine Schere.<\/p>\n\n\n\n<p>Fr\u00f6belsterne eignen sich besonders als Weihnachtsdekoration (als Fensterschmuck, Christbaum- oder Geschenkanh\u00e4nger) und sind ideal als Bastelidee f\u00fcr kalte, ungem\u00fctliche Wintertage geeignet.<\/p>\n\n\n\n<p>Wir w\u00fcnschen viel Spa\u00df beim Basteln!<\/p>\n\n\n\n<p>MEYCO Artikelnummern:<br>Art.-Nr.: 33710 Stern-Streifen, gold<br>Art.-Nr.: 33711 Stern-Streifen, silber<\/p>\n\n\n\n<p>MEYCO fertige Stern-Streifen sind 45 cm lang und 15 mm breit<\/p>\n\n\n\n<p><\/p>\n\n\n\n<figure class=\"wp-block-image size-large\"><img loading=\"lazy\" decoding=\"async\" width=\"1000\" height=\"999\" src=\"https:\/\/www.meyco.eu\/home\/wp-content\/uploads\/2020\/11\/33710_01.jpg\" alt=\"\" class=\"wp-image-2853\" srcset=\"https:\/\/www.meyco.eu\/home\/wp-content\/uploads\/2020\/11\/33710_01.jpg 1000w, https:\/\/www.meyco.eu\/home\/wp-content\/uploads\/2020\/11\/33710_01-300x300.jpg 300w, https:\/\/www.meyco.eu\/home\/wp-content\/uploads\/2020\/11\/33710_01-150x150.jpg 150w, https:\/\/www.meyco.eu\/home\/wp-content\/uploads\/2020\/11\/33710_01-768x767.jpg 768w\" sizes=\"auto, (max-width: 1000px) 100vw, 1000px\" \/><\/figure>\n\n\n\n<figure class=\"wp-block-image size-large\"><img loading=\"lazy\" decoding=\"async\" width=\"1000\" height=\"1000\" src=\"https:\/\/www.meyco.eu\/home\/wp-content\/uploads\/2020\/11\/33711_01.jpg\" alt=\"\" class=\"wp-image-2858\" srcset=\"https:\/\/www.meyco.eu\/home\/wp-content\/uploads\/2020\/11\/33711_01.jpg 1000w, https:\/\/www.meyco.eu\/home\/wp-content\/uploads\/2020\/11\/33711_01-300x300.jpg 300w, https:\/\/www.meyco.eu\/home\/wp-content\/uploads\/2020\/11\/33711_01-150x150.jpg 150w, https:\/\/www.meyco.eu\/home\/wp-content\/uploads\/2020\/11\/33711_01-768x768.jpg 768w\" sizes=\"auto, (max-width: 1000px) 100vw, 1000px\" \/><\/figure>\n","protected":false},"excerpt":{"rendered":"<p>Hier falten wir einen Fr\u00f6belstern aus goldenen MEYCO Stern-Streifen (diese gibt es auch in silber). F\u00fcr einen Fr\u00f6belstern ben\u00f6tigt man vier fertige Sternstreifen und eine Schere. Fr\u00f6belsterne eignen sich besonders als Weihnachtsdekoration (als Fensterschmuck, Christbaum- oder Geschenkanh\u00e4nger) und sind ideal als Bastelidee f\u00fcr kalte, ungem\u00fctliche Wintertage geeignet. Wir w\u00fcnschen viel Spa\u00df beim Basteln! MEYCO Artikelnummern:Art.-Nr.:&hellip; <br \/> <a class=\"read-more\" href=\"https:\/\/www.meyco.eu\/home\/froebelstern\/\">Read more<\/a><\/p>\n","protected":false},"author":3,"featured_media":2657,"parent":0,"menu_order":0,"comment_status":"closed","ping_status":"closed","template":"","meta":{"footnotes":""},"class_list":["post-2342","page","type-page","status-publish","has-post-thumbnail","hentry"],"_links":{"self":[{"href":"https:\/\/www.meyco.eu\/home\/wp-json\/wp\/v2\/pages\/2342","targetHints":{"allow":["GET"]}}],"collection":[{"href":"https:\/\/www.meyco.eu\/home\/wp-json\/wp\/v2\/pages"}],"about":[{"href":"https:\/\/www.meyco.eu\/home\/wp-json\/wp\/v2\/types\/page"}],"author":[{"embeddable":true,"href":"https:\/\/www.meyco.eu\/home\/wp-json\/wp\/v2\/users\/3"}],"replies":[{"embeddable":true,"href":"https:\/\/www.meyco.eu\/home\/wp-json\/wp\/v2\/comments?post=2342"}],"version-history":[{"count":6,"href":"https:\/\/www.meyco.eu\/home\/wp-json\/wp\/v2\/pages\/2342\/revisions"}],"predecessor-version":[{"id":2863,"href":"https:\/\/www.meyco.eu\/home\/wp-json\/wp\/v2\/pages\/2342\/revisions\/2863"}],"wp:featuredmedia":[{"embeddable":true,"href":"https:\/\/www.meyco.eu\/home\/wp-json\/wp\/v2\/media\/2657"}],"wp:attachment":[{"href":"https:\/\/www.meyco.eu\/home\/wp-json\/wp\/v2\/media?parent=2342"}],"curies":[{"name":"wp","href":"https:\/\/api.w.org\/{rel}","templated":true}]}}