{"id":1026,"date":"2019-03-13T11:40:01","date_gmt":"2019-03-13T10:40:01","guid":{"rendered":"http:\/\/dev.meyco.eu\/meyco\/?page_id=1026"},"modified":"2020-10-20T12:28:55","modified_gmt":"2020-10-20T10:28:55","slug":"sweden-sverige","status":"publish","type":"page","link":"https:\/\/www.meyco.eu\/home\/sweden-sverige\/","title":{"rendered":"Sweden \/ Sverige"},"content":{"rendered":"<div  data-label=\"Features\" data-id=\"features--1\" data-export-id=\"features-13-card-bordered\" data-category=\"features\" class=\"features-13 content-section content-section-spacing\" id=\"features-1\" style=\"background-color: rgb(255, 255, 255); background-image: none;\"><div  class=\"gridContainer\"> <div  class=\"row text-center\"><div  class=\"section-title-col\" data-type=\"column\"> <h2  class=\"\">Contact Sweden \/ Sverige<\/h2> <\/div> <\/div> <div  class=\"row spaced-cols content-center-sm center-sm\" data-type=\"row\"> <div  class=\"col-sm-4\"> <div  class=\"card bordered y-move\" data-type=\"column\">  <img decoding=\"async\"  class=\"custom-image\" src=\"https:\/\/www.meyco.eu\/home\/wp-content\/uploads\/2019\/04\/cropped-exclusive-distributor_web-9.jpg\" alt=\"\" title=\"cropped-exclusive-distributor_web-9.jpg\"><h4  class=\"\">Exclusiv Distribution Partner<\/h4> <p  class=\"\">Hobbytoys Scandinavia AB<br >\r\nTuna Industriv\u00e4g 35<br >\r\n153 30 J\u00c4RNA<br >\r\nSWEDEN\r\n<br ><br >\r\nContact: Bj\u00f6rn \u00d6str\u00f6m<br >\r\nPhone: +46 (0)8 \u2013 128 50 801<br >\r\nMobile: +46 (0)707 \u2013 53 38 27<br >\r\nMail: bjorn@hobbytoys.se<br >\r\nWeb: www.hobbytoys.se<\/p> <a class=\"button color9 round\" href=\"https:\/\/www.hobbytoys.se\" target=\"_blank\" data-cp-link=\"1\" data-icon=\"\" rel=\"noopener noreferrer\">to partner webside<\/a><\/div> <\/div>  <\/div> <\/div><\/div>","protected":false},"excerpt":{"rendered":"<p>Contact Sweden \/ Sverige Exclusiv Distribution Partner Hobbytoys Scandinavia AB Tuna Industriv\u00e4g 35 153 30 J\u00c4RNA SWEDEN Contact: Bj\u00f6rn \u00d6str\u00f6m Phone: +46 (0)8 \u2013 128 50 801 Mobile: +46 (0)707 \u2013 53 38 27 Mail: bjorn@hobbytoys.se Web: www.hobbytoys.se to partner webside<\/p>\n","protected":false},"author":2,"featured_media":2657,"parent":0,"menu_order":0,"comment_status":"closed","ping_status":"closed","template":"pro\/page-templates\/full-width-page.php","meta":{"footnotes":""},"class_list":["post-1026","page","type-page","status-publish","has-post-thumbnail","hentry"],"_links":{"self":[{"href":"https:\/\/www.meyco.eu\/home\/wp-json\/wp\/v2\/pages\/1026","targetHints":{"allow":["GET"]}}],"collection":[{"href":"https:\/\/www.meyco.eu\/home\/wp-json\/wp\/v2\/pages"}],"about":[{"href":"https:\/\/www.meyco.eu\/home\/wp-json\/wp\/v2\/types\/page"}],"author":[{"embeddable":true,"href":"https:\/\/www.meyco.eu\/home\/wp-json\/wp\/v2\/users\/2"}],"replies":[{"embeddable":true,"href":"https:\/\/www.meyco.eu\/home\/wp-json\/wp\/v2\/comments?post=1026"}],"version-history":[{"count":7,"href":"https:\/\/www.meyco.eu\/home\/wp-json\/wp\/v2\/pages\/1026\/revisions"}],"predecessor-version":[{"id":2671,"href":"https:\/\/www.meyco.eu\/home\/wp-json\/wp\/v2\/pages\/1026\/revisions\/2671"}],"wp:featuredmedia":[{"embeddable":true,"href":"https:\/\/www.meyco.eu\/home\/wp-json\/wp\/v2\/media\/2657"}],"wp:attachment":[{"href":"https:\/\/www.meyco.eu\/home\/wp-json\/wp\/v2\/media?parent=1026"}],"curies":[{"name":"wp","href":"https:\/\/api.w.org\/{rel}","templated":true}]}}